{"id":13,"date":"2026-04-18T09:58:36","date_gmt":"2026-04-18T07:58:36","guid":{"rendered":"http:\/\/85.214.246.198\/?page_id=13"},"modified":"2026-04-18T15:58:01","modified_gmt":"2026-04-18T13:58:01","slug":"fallen-lands","status":"publish","type":"page","link":"https:\/\/fallenlands.de\/","title":{"rendered":"Fallen Lands"},"content":{"rendered":"\n<div class=\"wp-block-group alignfull is-style-default has-global-padding is-layout-constrained wp-block-group-is-layout-constrained\" style=\"margin-top:0;margin-bottom:0;padding-top:var(--wp--preset--spacing--60);padding-bottom:var(--wp--preset--spacing--60)\">\n<div class=\"wp-block-columns alignwide is-layout-flex wp-container-core-columns-is-layout-643ced6b wp-block-columns-is-layout-flex\">\n<div class=\"wp-block-column is-layout-flow wp-block-column-is-layout-flow\" style=\"flex-basis:40%\"><figure style=\"aspect-ratio:4\/3; margin-top:0;margin-bottom:0;\" class=\"wp-block-post-featured-image\"><img loading=\"lazy\" decoding=\"async\" width=\"999\" height=\"1100\" src=\"https:\/\/fallenlands.de\/wp-content\/uploads\/2026\/04\/S3_005.jpg\" class=\"attachment-post-thumbnail size-post-thumbnail wp-post-image\" alt=\"\" style=\"width:100%;height:100%;object-fit:cover;\" srcset=\"https:\/\/fallenlands.de\/wp-content\/uploads\/2026\/04\/S3_005.jpg 999w, https:\/\/fallenlands.de\/wp-content\/uploads\/2026\/04\/S3_005-272x300.jpg 272w, https:\/\/fallenlands.de\/wp-content\/uploads\/2026\/04\/S3_005-930x1024.jpg 930w, https:\/\/fallenlands.de\/wp-content\/uploads\/2026\/04\/S3_005-768x846.jpg 768w\" sizes=\"auto, (max-width: 999px) 100vw, 999px\" \/><\/figure><\/div>\n\n\n\n<div class=\"wp-block-column is-vertically-aligned-center is-layout-flow wp-container-core-column-is-layout-119bc444 wp-block-column-is-layout-flow\" style=\"flex-basis:60%\">\n<h2 class=\"wp-block-heading has-xx-large-font-size\">Fallen Lands<\/h2>\n\n\n\n<p>Fallen Lands ist eine deutsche <a href=\"https:\/\/store.steampowered.com\/app\/108600\/Project_Zomboid\/\" target=\"_blank\" rel=\"noreferrer noopener\">Project Zomboid <\/a>-Community.<\/p>\n\n\n\n<p>Du hast Lust auf Rollenspiel?<br>Komm auf unseren <a href=\"https:\/\/discord.gg\/4KCMTPR2\">Discord <\/a>und werde Teil der Community!<\/p>\n\n\n\n<div class=\"wp-block-buttons is-layout-flex wp-block-buttons-is-layout-flex\">\n<div class=\"wp-block-button is-style-outline is-style-outline--1\"><a class=\"wp-block-button__link wp-element-button\" href=\"https:\/\/discord.gg\/4KCMTPR2\">Discord<\/a><\/div>\n<\/div>\n\n\n\n<div class=\"wp-block-group is-vertical is-layout-flex wp-container-core-group-is-layout-41e20069 wp-block-group-is-layout-flex\">\n<h3 class=\"wp-block-heading has-small-font-size\" style=\"font-style:normal;font-weight:600;letter-spacing:1px;text-transform:uppercase\">Bleibe auf dem Laufenden<\/h3>\n\n\n\n<div class=\"wp-block-buttons is-layout-flex wp-block-buttons-is-layout-flex\">\n<div class=\"wp-block-button is-style-outline is-style-outline--2\"><a class=\"wp-block-button__link has-small-font-size has-custom-font-size wp-element-button\">YouTube<\/a><\/div>\n\n\n\n<div class=\"wp-block-button is-style-outline is-style-outline--3\"><a class=\"wp-block-button__link has-small-font-size has-custom-font-size wp-element-button\">Instagram<\/a><\/div>\n\n\n\n<div class=\"wp-block-button is-style-outline is-style-outline--4\"><a class=\"wp-block-button__link has-small-font-size has-custom-font-size wp-element-button\" href=\"https:\/\/fallenlands.de\/index.php\/neuigkeiten\/\">Blog<\/a><\/div>\n<\/div>\n<\/div>\n<\/div>\n<\/div>\n<\/div>\n\n\n\n<div class=\"wp-block-group alignfull is-style-section-2 has-global-padding is-layout-constrained wp-container-core-group-is-layout-ebee8dc1 wp-block-group-is-layout-constrained is-style-section-2--5\" style=\"margin-top:0;margin-bottom:0;padding-top:var(--wp--preset--spacing--50);padding-bottom:var(--wp--preset--spacing--50)\">\n<div class=\"wp-block-group alignwide is-content-justification-space-between is-layout-flex wp-container-core-group-is-layout-9366075c wp-block-group-is-layout-flex\">\n<h2 class=\"wp-block-heading alignwide has-text-align-left is-style-text-subtitle has-x-large-font-size is-style-text-subtitle--6\">Was wir bieten<\/h2>\n<\/div>\n\n\n\n<div class=\"wp-block-group alignwide is-layout-grid wp-container-core-group-is-layout-31918283 wp-block-group-is-layout-grid\">\n<div class=\"wp-block-media-text is-stacked-on-mobile is-vertically-aligned-top is-image-fill-element\"><figure class=\"wp-block-media-text__media\"><img loading=\"lazy\" decoding=\"async\" width=\"1024\" height=\"744\" src=\"http:\/\/85.214.246.198\/wp-content\/uploads\/2026\/04\/S3_001-1024x744.jpg\" alt=\"\" class=\"wp-image-61 size-full\" style=\"object-position:50% 50%\" srcset=\"https:\/\/fallenlands.de\/wp-content\/uploads\/2026\/04\/S3_001-1024x744.jpg 1024w, https:\/\/fallenlands.de\/wp-content\/uploads\/2026\/04\/S3_001-300x218.jpg 300w, https:\/\/fallenlands.de\/wp-content\/uploads\/2026\/04\/S3_001-768x558.jpg 768w, https:\/\/fallenlands.de\/wp-content\/uploads\/2026\/04\/S3_001-1536x1116.jpg 1536w, https:\/\/fallenlands.de\/wp-content\/uploads\/2026\/04\/S3_001.jpg 1573w\" sizes=\"auto, (max-width: 1024px) 100vw, 1024px\" \/><\/figure><div class=\"wp-block-media-text__content\">\n<h3 class=\"wp-block-heading\">Community<\/h3>\n\n\n\n<p>Platzhalter f\u00fcr Community.<\/p>\n<\/div><\/div>\n\n\n\n<div class=\"wp-block-media-text is-stacked-on-mobile is-vertically-aligned-top is-image-fill-element\"><figure class=\"wp-block-media-text__media\"><img loading=\"lazy\" decoding=\"async\" width=\"1015\" height=\"1024\" src=\"http:\/\/85.214.246.198\/wp-content\/uploads\/2026\/04\/S5_001-1015x1024.jpg\" alt=\"\" class=\"wp-image-67 size-full\" style=\"object-position:50% 50%\" srcset=\"https:\/\/fallenlands.de\/wp-content\/uploads\/2026\/04\/S5_001-1015x1024.jpg 1015w, https:\/\/fallenlands.de\/wp-content\/uploads\/2026\/04\/S5_001-297x300.jpg 297w, https:\/\/fallenlands.de\/wp-content\/uploads\/2026\/04\/S5_001-150x150.jpg 150w, https:\/\/fallenlands.de\/wp-content\/uploads\/2026\/04\/S5_001-768x775.jpg 768w, https:\/\/fallenlands.de\/wp-content\/uploads\/2026\/04\/S5_001.jpg 1072w\" sizes=\"auto, (max-width: 1015px) 100vw, 1015px\" \/><\/figure><div class=\"wp-block-media-text__content\">\n<h3 class=\"wp-block-heading\">Geschichten<\/h3>\n\n\n\n<p>Platzhalter f\u00fcr Story-Team.<\/p>\n<\/div><\/div>\n\n\n\n<div class=\"wp-block-media-text is-stacked-on-mobile is-vertically-aligned-top is-image-fill-element\"><figure class=\"wp-block-media-text__media\"><img loading=\"lazy\" decoding=\"async\" width=\"1024\" height=\"797\" src=\"http:\/\/85.214.246.198\/wp-content\/uploads\/2026\/04\/S3_004-1024x797.jpg\" alt=\"\" class=\"wp-image-64 size-full\" style=\"object-position:50% 50%\" srcset=\"https:\/\/fallenlands.de\/wp-content\/uploads\/2026\/04\/S3_004-1024x797.jpg 1024w, https:\/\/fallenlands.de\/wp-content\/uploads\/2026\/04\/S3_004-300x233.jpg 300w, https:\/\/fallenlands.de\/wp-content\/uploads\/2026\/04\/S3_004-768x598.jpg 768w, https:\/\/fallenlands.de\/wp-content\/uploads\/2026\/04\/S3_004.jpg 1244w\" sizes=\"auto, (max-width: 1024px) 100vw, 1024px\" \/><\/figure><div class=\"wp-block-media-text__content\">\n<h3 class=\"wp-block-heading\">Modding<\/h3>\n\n\n\n<p>Platzhalter f\u00fcr Modding.<\/p>\n<\/div><\/div>\n\n\n\n<div class=\"wp-block-media-text is-stacked-on-mobile is-vertically-aligned-top is-image-fill-element\"><figure class=\"wp-block-media-text__media\"><img loading=\"lazy\" decoding=\"async\" width=\"1024\" height=\"828\" src=\"http:\/\/85.214.246.198\/wp-content\/uploads\/2026\/04\/S3_006-1024x828.jpg\" alt=\"\" class=\"wp-image-66 size-full\" style=\"object-position:50% 50%\" srcset=\"https:\/\/fallenlands.de\/wp-content\/uploads\/2026\/04\/S3_006-1024x828.jpg 1024w, https:\/\/fallenlands.de\/wp-content\/uploads\/2026\/04\/S3_006-300x242.jpg 300w, https:\/\/fallenlands.de\/wp-content\/uploads\/2026\/04\/S3_006-768x621.jpg 768w, https:\/\/fallenlands.de\/wp-content\/uploads\/2026\/04\/S3_006.jpg 1059w\" sizes=\"auto, (max-width: 1024px) 100vw, 1024px\" \/><\/figure><div class=\"wp-block-media-text__content\">\n<h3 class=\"wp-block-heading\">Weiteres<\/h3>\n\n\n\n<p>Platzhalter f\u00fcr weiteres.<\/p>\n<\/div><\/div>\n<\/div>\n<\/div>\n\n\n\n<div class=\"wp-block-group alignfull has-global-padding is-layout-constrained wp-container-core-group-is-layout-ebee8dc1 wp-block-group-is-layout-constrained\" style=\"margin-top:0;margin-bottom:0;padding-top:var(--wp--preset--spacing--50);padding-bottom:var(--wp--preset--spacing--50)\">\n<div class=\"wp-block-group alignwide is-content-justification-space-between is-layout-flex wp-container-core-group-is-layout-9366075c wp-block-group-is-layout-flex\">\n<h2 class=\"wp-block-heading alignwide has-text-align-left is-style-text-subtitle has-x-large-font-size is-style-text-subtitle--7\">Neuigkeiten<\/h2>\n<\/div>\n\n\n\n<div class=\"wp-block-query alignwide is-layout-flow wp-block-query-is-layout-flow\"><ul class=\"wp-block-post-template is-layout-flow wp-container-core-post-template-is-layout-3ee800f6 wp-block-post-template-is-layout-flow\"><li class=\"wp-block-post post-29 post type-post status-publish format-standard has-post-thumbnail hentry category-project-zomboid-patch-notes\">\n\n<div class=\"wp-block-columns alignwide is-layout-flex wp-container-core-columns-is-layout-28f84493 wp-block-columns-is-layout-flex\">\n<div class=\"wp-block-column is-layout-flow wp-block-column-is-layout-flow\" style=\"flex-basis:40%\"><figure style=\"aspect-ratio:16\/9;\" class=\"wp-block-post-featured-image\"><a href=\"https:\/\/fallenlands.de\/index.php\/2026\/04\/18\/update-42-17\/\" target=\"_self\"  ><img loading=\"lazy\" decoding=\"async\" width=\"1024\" height=\"341\" src=\"https:\/\/fallenlands.de\/wp-content\/uploads\/2026\/04\/OfficialBanner.png\" class=\"attachment-post-thumbnail size-post-thumbnail wp-post-image\" alt=\"Update 42.17\" style=\"width:100%;height:100%;object-fit:cover;\" srcset=\"https:\/\/fallenlands.de\/wp-content\/uploads\/2026\/04\/OfficialBanner.png 1024w, https:\/\/fallenlands.de\/wp-content\/uploads\/2026\/04\/OfficialBanner-300x100.png 300w, https:\/\/fallenlands.de\/wp-content\/uploads\/2026\/04\/OfficialBanner-768x256.png 768w\" sizes=\"auto, (max-width: 1024px) 100vw, 1024px\" \/><\/a><\/figure><\/div>\n\n\n\n<div class=\"wp-block-column is-layout-flow wp-block-column-is-layout-flow\" style=\"flex-basis:60%\"><h2 class=\"wp-block-post-title\"><a href=\"https:\/\/fallenlands.de\/index.php\/2026\/04\/18\/update-42-17\/\" target=\"_self\" >Update 42.17<\/a><\/h2>\n\n<div class=\"wp-block-post-excerpt\"><p class=\"wp-block-post-excerpt__excerpt\">Das kommende Update 42.17 (Unstable) bringt vor allem kleinere, aber sp\u00fcrbare Verbesserungen f\u00fcr Project Zomboid. Neben neuen Sandbox-Optionen \u2013 etwa zus\u00e4tzlichen Startorten in den sogenannten Exclusion-Zone-St\u00e4dten \u2013 wurde das Balancing&hellip;<\/p><p class=\"wp-block-post-excerpt__more-text\"><a class=\"wp-block-post-excerpt__more-link\" href=\"https:\/\/fallenlands.de\/index.php\/2026\/04\/18\/update-42-17\/\">Weiterlesen<\/a><\/p><\/div><\/div>\n<\/div>\n\n<\/li><\/ul><\/div>\n<\/div>\n\n\n\n<div class=\"wp-block-group alignfull is-style-section-2 has-global-padding is-layout-constrained wp-container-core-group-is-layout-ebee8dc1 wp-block-group-is-layout-constrained is-style-section-2--8\" style=\"margin-top:0;margin-bottom:0;padding-top:var(--wp--preset--spacing--50);padding-bottom:var(--wp--preset--spacing--50)\">\n<div class=\"wp-block-group alignwide is-content-justification-space-between is-layout-flex wp-container-core-group-is-layout-9366075c wp-block-group-is-layout-flex\">\n<h2 class=\"wp-block-heading alignwide has-text-align-left is-style-text-subtitle has-x-large-font-size is-style-text-subtitle--9\">Eindr\u00fccke<\/h2>\n<\/div>\n\n\n\n<figure class=\"wp-block-gallery alignwide has-nested-images columns-3 is-cropped wp-block-gallery-10 is-layout-flex wp-block-gallery-is-layout-flex\">\n<figure data-wp-context=\"{&quot;imageId&quot;:&quot;69e3be338f4a2&quot;}\" data-wp-interactive=\"core\/image\" data-wp-key=\"69e3be338f4a2\" class=\"wp-block-image size-full wp-lightbox-container\"><img loading=\"lazy\" decoding=\"async\" width=\"1072\" height=\"1082\" data-wp-class--hide=\"state.isContentHidden\" data-wp-class--show=\"state.isContentVisible\" data-wp-init=\"callbacks.setButtonStyles\" data-wp-on--click=\"actions.showLightbox\" data-wp-on--load=\"callbacks.setButtonStyles\" data-wp-on-window--resize=\"callbacks.setButtonStyles\" data-id=\"67\" src=\"http:\/\/85.214.246.198\/wp-content\/uploads\/2026\/04\/S5_001.jpg\" alt=\"\" class=\"wp-image-67\" style=\"aspect-ratio:4\/3\" srcset=\"https:\/\/fallenlands.de\/wp-content\/uploads\/2026\/04\/S5_001.jpg 1072w, https:\/\/fallenlands.de\/wp-content\/uploads\/2026\/04\/S5_001-297x300.jpg 297w, https:\/\/fallenlands.de\/wp-content\/uploads\/2026\/04\/S5_001-1015x1024.jpg 1015w, https:\/\/fallenlands.de\/wp-content\/uploads\/2026\/04\/S5_001-150x150.jpg 150w, https:\/\/fallenlands.de\/wp-content\/uploads\/2026\/04\/S5_001-768x775.jpg 768w\" sizes=\"auto, (max-width: 1072px) 100vw, 1072px\" \/><button\n\t\t\tclass=\"lightbox-trigger\"\n\t\t\ttype=\"button\"\n\t\t\taria-haspopup=\"dialog\"\n\t\t\taria-label=\"Vergr\u00f6\u00dfern\"\n\t\t\tdata-wp-init=\"callbacks.initTriggerButton\"\n\t\t\tdata-wp-on--click=\"actions.showLightbox\"\n\t\t\tdata-wp-style--right=\"state.imageButtonRight\"\n\t\t\tdata-wp-style--top=\"state.imageButtonTop\"\n\t\t>\n\t\t\t<svg xmlns=\"http:\/\/www.w3.org\/2000\/svg\" width=\"12\" height=\"12\" fill=\"none\" viewBox=\"0 0 12 12\">\n\t\t\t\t<path fill=\"#fff\" d=\"M2 0a2 2 0 0 0-2 2v2h1.5V2a.5.5 0 0 1 .5-.5h2V0H2Zm2 10.5H2a.5.5 0 0 1-.5-.5V8H0v2a2 2 0 0 0 2 2h2v-1.5ZM8 12v-1.5h2a.5.5 0 0 0 .5-.5V8H12v2a2 2 0 0 1-2 2H8Zm2-12a2 2 0 0 1 2 2v2h-1.5V2a.5.5 0 0 0-.5-.5H8V0h2Z\" \/>\n\t\t\t<\/svg>\n\t\t<\/button><\/figure>\n\n\n\n<figure data-wp-context=\"{&quot;imageId&quot;:&quot;69e3be338f762&quot;}\" data-wp-interactive=\"core\/image\" data-wp-key=\"69e3be338f762\" class=\"wp-block-image size-full wp-lightbox-container\"><img loading=\"lazy\" decoding=\"async\" width=\"1059\" height=\"856\" data-wp-class--hide=\"state.isContentHidden\" data-wp-class--show=\"state.isContentVisible\" data-wp-init=\"callbacks.setButtonStyles\" data-wp-on--click=\"actions.showLightbox\" data-wp-on--load=\"callbacks.setButtonStyles\" data-wp-on-window--resize=\"callbacks.setButtonStyles\" data-id=\"66\" src=\"http:\/\/85.214.246.198\/wp-content\/uploads\/2026\/04\/S3_006.jpg\" alt=\"\" class=\"wp-image-66\" style=\"aspect-ratio:4\/3\" srcset=\"https:\/\/fallenlands.de\/wp-content\/uploads\/2026\/04\/S3_006.jpg 1059w, https:\/\/fallenlands.de\/wp-content\/uploads\/2026\/04\/S3_006-300x242.jpg 300w, https:\/\/fallenlands.de\/wp-content\/uploads\/2026\/04\/S3_006-1024x828.jpg 1024w, https:\/\/fallenlands.de\/wp-content\/uploads\/2026\/04\/S3_006-768x621.jpg 768w\" sizes=\"auto, (max-width: 1059px) 100vw, 1059px\" \/><button\n\t\t\tclass=\"lightbox-trigger\"\n\t\t\ttype=\"button\"\n\t\t\taria-haspopup=\"dialog\"\n\t\t\taria-label=\"Vergr\u00f6\u00dfern\"\n\t\t\tdata-wp-init=\"callbacks.initTriggerButton\"\n\t\t\tdata-wp-on--click=\"actions.showLightbox\"\n\t\t\tdata-wp-style--right=\"state.imageButtonRight\"\n\t\t\tdata-wp-style--top=\"state.imageButtonTop\"\n\t\t>\n\t\t\t<svg xmlns=\"http:\/\/www.w3.org\/2000\/svg\" width=\"12\" height=\"12\" fill=\"none\" viewBox=\"0 0 12 12\">\n\t\t\t\t<path fill=\"#fff\" d=\"M2 0a2 2 0 0 0-2 2v2h1.5V2a.5.5 0 0 1 .5-.5h2V0H2Zm2 10.5H2a.5.5 0 0 1-.5-.5V8H0v2a2 2 0 0 0 2 2h2v-1.5ZM8 12v-1.5h2a.5.5 0 0 0 .5-.5V8H12v2a2 2 0 0 1-2 2H8Zm2-12a2 2 0 0 1 2 2v2h-1.5V2a.5.5 0 0 0-.5-.5H8V0h2Z\" \/>\n\t\t\t<\/svg>\n\t\t<\/button><\/figure>\n\n\n\n<figure data-wp-context=\"{&quot;imageId&quot;:&quot;69e3be338f849&quot;}\" data-wp-interactive=\"core\/image\" data-wp-key=\"69e3be338f849\" class=\"wp-block-image size-full wp-lightbox-container\"><img loading=\"lazy\" decoding=\"async\" width=\"999\" height=\"1100\" data-wp-class--hide=\"state.isContentHidden\" data-wp-class--show=\"state.isContentVisible\" data-wp-init=\"callbacks.setButtonStyles\" data-wp-on--click=\"actions.showLightbox\" data-wp-on--load=\"callbacks.setButtonStyles\" data-wp-on-window--resize=\"callbacks.setButtonStyles\" data-id=\"65\" src=\"http:\/\/85.214.246.198\/wp-content\/uploads\/2026\/04\/S3_005.jpg\" alt=\"\" class=\"wp-image-65\" style=\"aspect-ratio:4\/3\" srcset=\"https:\/\/fallenlands.de\/wp-content\/uploads\/2026\/04\/S3_005.jpg 999w, https:\/\/fallenlands.de\/wp-content\/uploads\/2026\/04\/S3_005-272x300.jpg 272w, https:\/\/fallenlands.de\/wp-content\/uploads\/2026\/04\/S3_005-930x1024.jpg 930w, https:\/\/fallenlands.de\/wp-content\/uploads\/2026\/04\/S3_005-768x846.jpg 768w\" sizes=\"auto, (max-width: 999px) 100vw, 999px\" \/><button\n\t\t\tclass=\"lightbox-trigger\"\n\t\t\ttype=\"button\"\n\t\t\taria-haspopup=\"dialog\"\n\t\t\taria-label=\"Vergr\u00f6\u00dfern\"\n\t\t\tdata-wp-init=\"callbacks.initTriggerButton\"\n\t\t\tdata-wp-on--click=\"actions.showLightbox\"\n\t\t\tdata-wp-style--right=\"state.imageButtonRight\"\n\t\t\tdata-wp-style--top=\"state.imageButtonTop\"\n\t\t>\n\t\t\t<svg xmlns=\"http:\/\/www.w3.org\/2000\/svg\" width=\"12\" height=\"12\" fill=\"none\" viewBox=\"0 0 12 12\">\n\t\t\t\t<path fill=\"#fff\" d=\"M2 0a2 2 0 0 0-2 2v2h1.5V2a.5.5 0 0 1 .5-.5h2V0H2Zm2 10.5H2a.5.5 0 0 1-.5-.5V8H0v2a2 2 0 0 0 2 2h2v-1.5ZM8 12v-1.5h2a.5.5 0 0 0 .5-.5V8H12v2a2 2 0 0 1-2 2H8Zm2-12a2 2 0 0 1 2 2v2h-1.5V2a.5.5 0 0 0-.5-.5H8V0h2Z\" \/>\n\t\t\t<\/svg>\n\t\t<\/button><\/figure>\n\n\n\n<figure data-wp-context=\"{&quot;imageId&quot;:&quot;69e3be338fa7f&quot;}\" data-wp-interactive=\"core\/image\" data-wp-key=\"69e3be338fa7f\" class=\"wp-block-image size-full wp-lightbox-container\"><img loading=\"lazy\" decoding=\"async\" width=\"1244\" height=\"968\" data-wp-class--hide=\"state.isContentHidden\" data-wp-class--show=\"state.isContentVisible\" data-wp-init=\"callbacks.setButtonStyles\" data-wp-on--click=\"actions.showLightbox\" data-wp-on--load=\"callbacks.setButtonStyles\" data-wp-on-window--resize=\"callbacks.setButtonStyles\" data-id=\"64\" src=\"http:\/\/85.214.246.198\/wp-content\/uploads\/2026\/04\/S3_004.jpg\" alt=\"\" class=\"wp-image-64\" style=\"aspect-ratio:4\/3\" srcset=\"https:\/\/fallenlands.de\/wp-content\/uploads\/2026\/04\/S3_004.jpg 1244w, https:\/\/fallenlands.de\/wp-content\/uploads\/2026\/04\/S3_004-300x233.jpg 300w, https:\/\/fallenlands.de\/wp-content\/uploads\/2026\/04\/S3_004-1024x797.jpg 1024w, https:\/\/fallenlands.de\/wp-content\/uploads\/2026\/04\/S3_004-768x598.jpg 768w\" sizes=\"auto, (max-width: 1244px) 100vw, 1244px\" \/><button\n\t\t\tclass=\"lightbox-trigger\"\n\t\t\ttype=\"button\"\n\t\t\taria-haspopup=\"dialog\"\n\t\t\taria-label=\"Vergr\u00f6\u00dfern\"\n\t\t\tdata-wp-init=\"callbacks.initTriggerButton\"\n\t\t\tdata-wp-on--click=\"actions.showLightbox\"\n\t\t\tdata-wp-style--right=\"state.imageButtonRight\"\n\t\t\tdata-wp-style--top=\"state.imageButtonTop\"\n\t\t>\n\t\t\t<svg xmlns=\"http:\/\/www.w3.org\/2000\/svg\" width=\"12\" height=\"12\" fill=\"none\" viewBox=\"0 0 12 12\">\n\t\t\t\t<path fill=\"#fff\" d=\"M2 0a2 2 0 0 0-2 2v2h1.5V2a.5.5 0 0 1 .5-.5h2V0H2Zm2 10.5H2a.5.5 0 0 1-.5-.5V8H0v2a2 2 0 0 0 2 2h2v-1.5ZM8 12v-1.5h2a.5.5 0 0 0 .5-.5V8H12v2a2 2 0 0 1-2 2H8Zm2-12a2 2 0 0 1 2 2v2h-1.5V2a.5.5 0 0 0-.5-.5H8V0h2Z\" \/>\n\t\t\t<\/svg>\n\t\t<\/button><\/figure>\n\n\n\n<figure data-wp-context=\"{&quot;imageId&quot;:&quot;69e3be338fcb0&quot;}\" data-wp-interactive=\"core\/image\" data-wp-key=\"69e3be338fcb0\" class=\"wp-block-image size-full wp-lightbox-container\"><img loading=\"lazy\" decoding=\"async\" width=\"1539\" height=\"1107\" data-wp-class--hide=\"state.isContentHidden\" data-wp-class--show=\"state.isContentVisible\" data-wp-init=\"callbacks.setButtonStyles\" data-wp-on--click=\"actions.showLightbox\" data-wp-on--load=\"callbacks.setButtonStyles\" data-wp-on-window--resize=\"callbacks.setButtonStyles\" data-id=\"63\" src=\"http:\/\/85.214.246.198\/wp-content\/uploads\/2026\/04\/S3_003.jpg\" alt=\"\" class=\"wp-image-63\" style=\"aspect-ratio:4\/3\" srcset=\"https:\/\/fallenlands.de\/wp-content\/uploads\/2026\/04\/S3_003.jpg 1539w, https:\/\/fallenlands.de\/wp-content\/uploads\/2026\/04\/S3_003-300x216.jpg 300w, https:\/\/fallenlands.de\/wp-content\/uploads\/2026\/04\/S3_003-1024x737.jpg 1024w, https:\/\/fallenlands.de\/wp-content\/uploads\/2026\/04\/S3_003-768x552.jpg 768w, https:\/\/fallenlands.de\/wp-content\/uploads\/2026\/04\/S3_003-1536x1105.jpg 1536w\" sizes=\"auto, (max-width: 1539px) 100vw, 1539px\" \/><button\n\t\t\tclass=\"lightbox-trigger\"\n\t\t\ttype=\"button\"\n\t\t\taria-haspopup=\"dialog\"\n\t\t\taria-label=\"Vergr\u00f6\u00dfern\"\n\t\t\tdata-wp-init=\"callbacks.initTriggerButton\"\n\t\t\tdata-wp-on--click=\"actions.showLightbox\"\n\t\t\tdata-wp-style--right=\"state.imageButtonRight\"\n\t\t\tdata-wp-style--top=\"state.imageButtonTop\"\n\t\t>\n\t\t\t<svg xmlns=\"http:\/\/www.w3.org\/2000\/svg\" width=\"12\" height=\"12\" fill=\"none\" viewBox=\"0 0 12 12\">\n\t\t\t\t<path fill=\"#fff\" d=\"M2 0a2 2 0 0 0-2 2v2h1.5V2a.5.5 0 0 1 .5-.5h2V0H2Zm2 10.5H2a.5.5 0 0 1-.5-.5V8H0v2a2 2 0 0 0 2 2h2v-1.5ZM8 12v-1.5h2a.5.5 0 0 0 .5-.5V8H12v2a2 2 0 0 1-2 2H8Zm2-12a2 2 0 0 1 2 2v2h-1.5V2a.5.5 0 0 0-.5-.5H8V0h2Z\" \/>\n\t\t\t<\/svg>\n\t\t<\/button><\/figure>\n\n\n\n<figure data-wp-context=\"{&quot;imageId&quot;:&quot;69e3be338fee6&quot;}\" data-wp-interactive=\"core\/image\" data-wp-key=\"69e3be338fee6\" class=\"wp-block-image size-full wp-lightbox-container\"><img loading=\"lazy\" decoding=\"async\" width=\"1793\" height=\"1202\" data-wp-class--hide=\"state.isContentHidden\" data-wp-class--show=\"state.isContentVisible\" data-wp-init=\"callbacks.setButtonStyles\" data-wp-on--click=\"actions.showLightbox\" data-wp-on--load=\"callbacks.setButtonStyles\" data-wp-on-window--resize=\"callbacks.setButtonStyles\" data-id=\"62\" src=\"http:\/\/85.214.246.198\/wp-content\/uploads\/2026\/04\/S3_002.jpg\" alt=\"\" class=\"wp-image-62\" style=\"aspect-ratio:4\/3\" srcset=\"https:\/\/fallenlands.de\/wp-content\/uploads\/2026\/04\/S3_002.jpg 1793w, https:\/\/fallenlands.de\/wp-content\/uploads\/2026\/04\/S3_002-300x201.jpg 300w, https:\/\/fallenlands.de\/wp-content\/uploads\/2026\/04\/S3_002-1024x686.jpg 1024w, https:\/\/fallenlands.de\/wp-content\/uploads\/2026\/04\/S3_002-768x515.jpg 768w, https:\/\/fallenlands.de\/wp-content\/uploads\/2026\/04\/S3_002-1536x1030.jpg 1536w\" sizes=\"auto, (max-width: 1793px) 100vw, 1793px\" \/><button\n\t\t\tclass=\"lightbox-trigger\"\n\t\t\ttype=\"button\"\n\t\t\taria-haspopup=\"dialog\"\n\t\t\taria-label=\"Vergr\u00f6\u00dfern\"\n\t\t\tdata-wp-init=\"callbacks.initTriggerButton\"\n\t\t\tdata-wp-on--click=\"actions.showLightbox\"\n\t\t\tdata-wp-style--right=\"state.imageButtonRight\"\n\t\t\tdata-wp-style--top=\"state.imageButtonTop\"\n\t\t>\n\t\t\t<svg xmlns=\"http:\/\/www.w3.org\/2000\/svg\" width=\"12\" height=\"12\" fill=\"none\" viewBox=\"0 0 12 12\">\n\t\t\t\t<path fill=\"#fff\" d=\"M2 0a2 2 0 0 0-2 2v2h1.5V2a.5.5 0 0 1 .5-.5h2V0H2Zm2 10.5H2a.5.5 0 0 1-.5-.5V8H0v2a2 2 0 0 0 2 2h2v-1.5ZM8 12v-1.5h2a.5.5 0 0 0 .5-.5V8H12v2a2 2 0 0 1-2 2H8Zm2-12a2 2 0 0 1 2 2v2h-1.5V2a.5.5 0 0 0-.5-.5H8V0h2Z\" \/>\n\t\t\t<\/svg>\n\t\t<\/button><\/figure>\n\n\n\n<figure data-wp-context=\"{&quot;imageId&quot;:&quot;69e3be33900fc&quot;}\" data-wp-interactive=\"core\/image\" data-wp-key=\"69e3be33900fc\" class=\"wp-block-image size-full wp-lightbox-container\"><img loading=\"lazy\" decoding=\"async\" width=\"1573\" height=\"1143\" data-wp-class--hide=\"state.isContentHidden\" data-wp-class--show=\"state.isContentVisible\" data-wp-init=\"callbacks.setButtonStyles\" data-wp-on--click=\"actions.showLightbox\" data-wp-on--load=\"callbacks.setButtonStyles\" data-wp-on-window--resize=\"callbacks.setButtonStyles\" data-id=\"61\" src=\"http:\/\/85.214.246.198\/wp-content\/uploads\/2026\/04\/S3_001.jpg\" alt=\"\" class=\"wp-image-61\" style=\"aspect-ratio:4\/3\" srcset=\"https:\/\/fallenlands.de\/wp-content\/uploads\/2026\/04\/S3_001.jpg 1573w, https:\/\/fallenlands.de\/wp-content\/uploads\/2026\/04\/S3_001-300x218.jpg 300w, https:\/\/fallenlands.de\/wp-content\/uploads\/2026\/04\/S3_001-1024x744.jpg 1024w, https:\/\/fallenlands.de\/wp-content\/uploads\/2026\/04\/S3_001-768x558.jpg 768w, https:\/\/fallenlands.de\/wp-content\/uploads\/2026\/04\/S3_001-1536x1116.jpg 1536w\" sizes=\"auto, (max-width: 1573px) 100vw, 1573px\" \/><button\n\t\t\tclass=\"lightbox-trigger\"\n\t\t\ttype=\"button\"\n\t\t\taria-haspopup=\"dialog\"\n\t\t\taria-label=\"Vergr\u00f6\u00dfern\"\n\t\t\tdata-wp-init=\"callbacks.initTriggerButton\"\n\t\t\tdata-wp-on--click=\"actions.showLightbox\"\n\t\t\tdata-wp-style--right=\"state.imageButtonRight\"\n\t\t\tdata-wp-style--top=\"state.imageButtonTop\"\n\t\t>\n\t\t\t<svg xmlns=\"http:\/\/www.w3.org\/2000\/svg\" width=\"12\" height=\"12\" fill=\"none\" viewBox=\"0 0 12 12\">\n\t\t\t\t<path fill=\"#fff\" d=\"M2 0a2 2 0 0 0-2 2v2h1.5V2a.5.5 0 0 1 .5-.5h2V0H2Zm2 10.5H2a.5.5 0 0 1-.5-.5V8H0v2a2 2 0 0 0 2 2h2v-1.5ZM8 12v-1.5h2a.5.5 0 0 0 .5-.5V8H12v2a2 2 0 0 1-2 2H8Zm2-12a2 2 0 0 1 2 2v2h-1.5V2a.5.5 0 0 0-.5-.5H8V0h2Z\" \/>\n\t\t\t<\/svg>\n\t\t<\/button><\/figure>\n<\/figure>\n<\/div>\n","protected":false},"excerpt":{"rendered":"<p>Fallen Lands Fallen Lands ist eine deutsche Project Zomboid -Community. Du hast Lust auf Rollenspiel?Komm auf unseren Discord und werde Teil der Community! Bleibe auf dem Laufenden Was wir bieten Community Platzhalter f\u00fcr Community. Geschichten Platzhalter f\u00fcr Story-Team. Modding Platzhalter f\u00fcr Modding. Weiteres Platzhalter f\u00fcr weiteres. Neuigkeiten Eindr\u00fccke<\/p>\n","protected":false},"author":1,"featured_media":65,"parent":0,"menu_order":0,"comment_status":"closed","ping_status":"closed","template":"page-no-title","meta":{"footnotes":""},"class_list":["post-13","page","type-page","status-publish","has-post-thumbnail","hentry"],"_links":{"self":[{"href":"https:\/\/fallenlands.de\/index.php\/wp-json\/wp\/v2\/pages\/13","targetHints":{"allow":["GET"]}}],"collection":[{"href":"https:\/\/fallenlands.de\/index.php\/wp-json\/wp\/v2\/pages"}],"about":[{"href":"https:\/\/fallenlands.de\/index.php\/wp-json\/wp\/v2\/types\/page"}],"author":[{"embeddable":true,"href":"https:\/\/fallenlands.de\/index.php\/wp-json\/wp\/v2\/users\/1"}],"replies":[{"embeddable":true,"href":"https:\/\/fallenlands.de\/index.php\/wp-json\/wp\/v2\/comments?post=13"}],"version-history":[{"count":18,"href":"https:\/\/fallenlands.de\/index.php\/wp-json\/wp\/v2\/pages\/13\/revisions"}],"predecessor-version":[{"id":86,"href":"https:\/\/fallenlands.de\/index.php\/wp-json\/wp\/v2\/pages\/13\/revisions\/86"}],"wp:featuredmedia":[{"embeddable":true,"href":"https:\/\/fallenlands.de\/index.php\/wp-json\/wp\/v2\/media\/65"}],"wp:attachment":[{"href":"https:\/\/fallenlands.de\/index.php\/wp-json\/wp\/v2\/media?parent=13"}],"curies":[{"name":"wp","href":"https:\/\/api.w.org\/{rel}","templated":true}]}}